{"id":545,"date":"2015-08-12T14:37:01","date_gmt":"2015-08-12T14:37:01","guid":{"rendered":"http:\/\/savoy.nordicmade.com\/?page_id=376"},"modified":"2020-11-08T12:51:20","modified_gmt":"2020-11-08T12:51:20","slug":"nyo","status":"publish","type":"page","link":"https:\/\/newyorkinasoriginals.com\/es\/nyo\/","title":{"rendered":"NYO"},"content":{"rendered":"<p>[vc_row][vc_column offset=&#8221;vc_col-md-offset-1 vc_col-md-10&#8243; css=&#8221;.vc_custom_1433192826304{padding-top: 47px !important;}&#8221;][vc_column_text]<\/p>\n<h2>Nuestra historia hasta el momento&#8230;<\/h2>\n<p>[\/vc_column_text][vc_empty_space height=&#8221;27px&#8221;]\r\r\n\t\t\t<div class=\"nm-banner content-boxed full-width-parent image-type-css has-alt-image text-color-dark\" style=\"\"><div class=\"nm-banner-image\" style=\"height: 400px; background-image: url(https:\/\/newyorkinasoriginals.com\/wp-content\/uploads\/2017\/12\/sneakers-newyorkinas-1.jpg);\"><\/div><div class=\"nm-banner-image nm-banner-alt-image\" style=\"height: 400px; background-image: url(https:\/\/newyorkinasoriginals.com\/wp-content\/uploads\/2017\/12\/sneakers-newyorkinas-3.jpg);\"><\/div>\r\r\n\t\t\t<\/div>[\/vc_column][\/vc_row][vc_row css=&#8221;.vc_custom_1433252897276{padding-top: 48px !important;}&#8221;][vc_column width=&#8221;1\/3&#8243; offset=&#8221;vc_col-md-offset-1&#8243;][vc_column_text]<\/p>\n<h4>La Marca<\/h4>\n<p>[\/vc_column_text][vc_empty_space height=&#8221;17px&#8221;][\/vc_column][vc_column width=&#8221;2\/3&#8243; offset=&#8221;vc_col-md-6&#8243;][vc_column_text]<span style=\"color: #3366ff;\"><strong>NewYorkinas-Originals<\/strong> <\/span>es el proyecto de Rosmi Dominguez. <strong>Emprendedora<\/strong> que decidi\u00f3 convertir su pasi\u00f3n por Manhattan en una marca de calzado urbano inspirado en el ADN de la gran manzana cuando por error se transform\u00f3 la palabra <strong>Menorquinas<\/strong> a NewYorkinas. A partir de ah\u00ed su creadora fund\u00f3 en el 2015 la base de lo que \u00e9s actualmente la marca.<\/p>\n<p>Hablar de <span style=\"color: #3366ff;\"><strong>NewYorkinas-Originals <\/strong><\/span>es hablar de una experiencia convertida en calzado para descubrir todo lo que todav\u00eda tenemos que descubrir.<\/p>\n<p><span style=\"color: #3366ff;\"><strong>NYO <\/strong><\/span>se estableci\u00f3 en Tarragona para estar entre su centro de producci\u00f3n en Alicante y Barcelona.<\/p>\n<p>Se comenz\u00f3 a crear el \u201cconcept book\u201d de la marca, seleccionar materiales y establecer los puntos b\u00e1sicos del modelo base de <span style=\"color: #3366ff;\"><strong>NYO<\/strong><\/span>.<\/p>\n<p>Tras un a\u00f1o de trabajo intenso, desde 2015 a 2016 , se materializ\u00f3 el primer prototipo y todo el concepto de marca con el objetivo de desarrollar un estilo propio.<\/p>\n<p>&nbsp;<\/p>\n<p>La colecci\u00f3n de<span style=\"color: #3366ff;\"><strong> NewYorkinas-Originals<\/strong><\/span> te transporta a las calles de <strong>Manhattan<\/strong> siendo su modelo principal, Liberty New York, un homenaje a la <strong>estatua de la libertad<\/strong> a su particular color y al <strong>gran s\u00edmbolo<\/strong> en que se ha convertido.<\/p>\n<p class=\"p1\"><span style=\"color: #3366ff;\"><strong>NewYorkinas-Originals<\/strong><\/span> urban footwear before &amp; after.<\/p>\n<div align=\"center\"><\/div>\n<div style=\"text-align: left;\" align=\"center\"><\/div>\n<div style=\"text-align: left;\" align=\"center\"><\/div>\n<div align=\"center\"><\/div>\n<div align=\"center\"><\/div>\n<div align=\"center\"><\/div>\n<div>\n<div style=\"text-align: center;\" align=\"center\"><\/div>\n<div style=\"text-align: center;\" align=\"center\"><\/div>\n<\/div>\n<p>[\/vc_column_text][vc_empty_space height=&#8221;40px&#8221;][\/vc_column][\/vc_row][vc_row css=&#8221;.vc_custom_1433253829272{padding-top: 47px !important;padding-bottom: 54px !important;}&#8221;][vc_column width=&#8221;1\/3&#8243; offset=&#8221;vc_col-md-offset-1&#8243;][vc_column_text]<\/p>\n<h4>Contacto<\/h4>\n<p>[\/vc_column_text][vc_empty_space height=&#8221;23px&#8221;][\/vc_column][vc_column width=&#8221;2\/3&#8243; offset=&#8221;vc_col-md-6&#8243;][vc_column_text]Email:\u00a0<a href=\"mailto:thankyou@newyorkinasoriginals.com\">thankyou@newyorkinasoriginals.com<\/a><\/p>\n<p>[\/vc_column_text][\/vc_column][\/vc_row][vc_row css=&#8221;.vc_custom_1433253829272{padding-top: 47px !important;padding-bottom: 54px !important;}&#8221;][vc_column width=&#8221;1\/3&#8243; offset=&#8221;vc_col-md-offset-1&#8243;][vc_column_text]<\/p>\n<h4>Nuestro Corner<\/h4>\n<p>[\/vc_column_text][vc_empty_space height=&#8221;23px&#8221;][\/vc_column][vc_column width=&#8221;2\/3&#8243; offset=&#8221;vc_col-md-6&#8243;][vc_column_text]<\/p>\n<h4><\/h4>\n<p>[\/vc_column_text][\/vc_column][\/vc_row][vc_row css=&#8221;.vc_custom_1433253829272{padding-top: 47px !important;padding-bottom: 54px !important;}&#8221;][vc_column width=&#8221;1\/3&#8243; offset=&#8221;vc_col-md-offset-1&#8243;][vc_column_text]<\/p>\n<h4>Nuestro equipo<\/h4>\n<p>[\/vc_column_text][vc_empty_space height=&#8221;23px&#8221;][\/vc_column][vc_column width=&#8221;2\/3&#8243; offset=&#8221;vc_col-md-6&#8243;]\r\r\n\t\t\t<ul class=\"nm-team small-block-grid-2 medium-block-grid-2 large-block-grid-3\">\r\r\n\t\t\t\t<li>\r\r\n\t\t\t\t\t<div class=\"nm-team-member\">\r\r\n\t\t\t\t\t\t<div class=\"nm-team-member-image default\"><img src=\"https:\/\/newyorkinasoriginals.com\/wp-content\/uploads\/2015\/08\/sneakers-team-1.jpg\" alt=\"sneakers-team-1\" \/>\r\r\n\t\t\t\t\t\t\t<div class=\"nm-team-member-overlay\"><ul class=\"nm-team-member-social-icons\"><li><a href=\"https:\/\/www.facebook.com\/newyorkinasoriginals\/\" target=\"_blank\"><i class=\"nm-font nm-font-facebook\"><\/i><\/a><\/li><li><a href=\"https:\/\/www.instagram.com\/newyorkinasoriginals\/\" target=\"_blank\"><i class=\"nm-font nm-font-instagram\"><\/i><\/a><\/li><li><a href=\"https:\/\/twitter.com\/NewYorkinasori\" target=\"_blank\"><i class=\"nm-font nm-font-twitter\"><\/i><\/a><\/li><\/ul>\r\r\n\t\t\t\t\t\t\t<\/div>\r\r\n\t\t\t\t\t\t<\/div>\r\r\n\t\t\t\t\t\t<div class=\"nm-team-member-content\"><h2>Rosmi Dominguez<\/h2><h3>Founder & CEO<\/h3><div class=\"wpb_text_column\"><\/div>\r\r\n\t\t\t\t\t\t<\/div>\r\r\n\t\t\t\t\t<\/div>\r\r\n\t\t\t\t<\/li>\r\r\n\t\t\t<\/ul>[\/vc_column][\/vc_row]<\/p>\n","protected":false},"excerpt":{"rendered":"<p>[vc_row][vc_column offset=&#8221;vc_col-md-offset-1 vc_col-md-10&#8243; css=&#8221;.vc_custom_1433192826304{padding-top: 47px !important;}&#8221;][vc_column_text] Nuestra historia hasta el momento&#8230; [\/vc_column_text][vc_empty_space height=&#8221;27px&#8221;][\/vc_column][\/vc_row][vc_row css=&#8221;.vc_custom_1433252897276{padding-top: 48px !important;}&#8221;][vc_column width=&#8221;1\/3&#8243; offset=&#8221;vc_col-md-offset-1&#8243;][vc_column_text] La Marca [\/vc_column_text][vc_empty_space height=&#8221;17px&#8221;][\/vc_column][vc_column width=&#8221;2\/3&#8243; offset=&#8221;vc_col-md-6&#8243;][vc_column_text]NewYorkinas-Originals es el proyecto de Rosmi Dominguez. Emprendedora que decidi\u00f3 convertir su pasi\u00f3n por Manhattan en una marca de calzado urbano inspirado en el ADN de la gran manzana cuando por error &hellip;<\/p>\n","protected":false},"author":1,"featured_media":0,"parent":0,"menu_order":0,"comment_status":"closed","ping_status":"closed","template":"","meta":[],"_links":{"self":[{"href":"https:\/\/newyorkinasoriginals.com\/es\/wp-json\/wp\/v2\/pages\/545\/"}],"collection":[{"href":"https:\/\/newyorkinasoriginals.com\/es\/wp-json\/wp\/v2\/pages\/"}],"about":[{"href":"https:\/\/newyorkinasoriginals.com\/es\/wp-json\/wp\/v2\/types\/page\/"}],"author":[{"embeddable":true,"href":"https:\/\/newyorkinasoriginals.com\/es\/wp-json\/wp\/v2\/users\/1\/"}],"replies":[{"embeddable":true,"href":"https:\/\/newyorkinasoriginals.com\/es\/wp-json\/wp\/v2\/comments\/?post=545"}],"version-history":[{"count":46,"href":"https:\/\/newyorkinasoriginals.com\/es\/wp-json\/wp\/v2\/pages\/545\/revisions\/"}],"predecessor-version":[{"id":6472,"href":"https:\/\/newyorkinasoriginals.com\/es\/wp-json\/wp\/v2\/pages\/545\/revisions\/6472\/"}],"wp:attachment":[{"href":"https:\/\/newyorkinasoriginals.com\/es\/wp-json\/wp\/v2\/media\/?parent=545"}],"curies":[{"name":"wp","href":"https:\/\/api.w.org\/{rel}","templated":true}]}}