{"id":379,"date":"2015-08-12T14:41:48","date_gmt":"2015-08-12T14:41:48","guid":{"rendered":"http:\/\/savoy.nordicmade.com\/?page_id=379"},"modified":"2018-12-27T09:57:52","modified_gmt":"2018-12-27T09:57:52","slug":"faq","status":"publish","type":"page","link":"https:\/\/newyorkinasoriginals.com\/es\/faq\/","title":{"rendered":"FAQ"},"content":{"rendered":"<p>[vc_row][vc_column][vc_empty_space height=&#8221;52px&#8221;][vc_column_text]<\/p>\n<h3><strong><span class=\"navigation_page\" style=\"color: #807d7d;\">FAQS NewYorkinasOriginals<\/span><\/strong><\/h3>\n<p>[\/vc_column_text][vc_empty_space][\/vc_column][\/vc_row][vc_row type=&#8221;boxed&#8221; css=&#8221;.vc_custom_1432752631369{padding-top: 68px !important;}&#8221;][vc_column width=&#8221;1\/4&#8243;][vc_column_text el_class=&#8221;nm-highlight-text&#8221;]<\/p>\n<h4>Producto<\/h4>\n<p>[\/vc_column_text][vc_empty_space height=&#8221;30px&#8221;][\/vc_column][vc_column width=&#8221;3\/4&#8243; offset=&#8221;vc_col-lg-4&#8243;][vc_column_text]<\/p>\n<h6>\u00bfC\u00f3mo elegir mi talla de\u00a0NewYorkinasOriginals?<\/h6>\n<p>[\/vc_column_text][vc_empty_space height=&#8221;14px&#8221;][\/vc_column][vc_column width=&#8221;3\/4&#8243; offset=&#8221;vc_col-lg-5&#8243;][vc_column_text]NewYorkinasOriginals\u00a0calzan horma ancha\u00a0y no cuentan con medios c\u00f3mo tallaje. A si pues, y dependiendo de tu pie si es estrecho y largo o ancho y grueso\u00a0elegir un n\u00famero m\u00e1s o uno menos.[\/vc_column_text][vc_empty_space height=&#8221;20px&#8221;][vc_single_image image=&#8221;1490&#8243; img_size=&#8221;medium&#8221; alignment=&#8221;center&#8221; onclick=&#8221;img_link_large&#8221;][\/vc_column][\/vc_row][vc_row type=&#8221;boxed&#8221; css=&#8221;.vc_custom_1432727850842{padding-top: 40px !important;}&#8221;][vc_column width=&#8221;3\/4&#8243; offset=&#8221;vc_col-lg-4 vc_col-sm-offset-3&#8243;][vc_column_text css_animation=&#8221;&#8221;]<\/p>\n<h6>\u00bfC\u00f3mo se puede limpiar la piel de\u00a0NewYorkinasOriginals\u00a0?<\/h6>\n<p>[\/vc_column_text][vc_empty_space height=&#8221;14px&#8221;][\/vc_column][vc_column width=&#8221;3\/4&#8243; offset=&#8221;vc_col-lg-offset-0 vc_col-lg-5 vc_col-sm-offset-3&#8243;][vc_column_text css_animation=&#8221;&#8221;]NewYorkinasOriginals\u00a0recomienda, siempre, utilizar un producto espec\u00edfico para pieles y para serrajes\u00a0en tu zapatero de confianza.[\/vc_column_text][\/vc_column][\/vc_row][vc_row type=&#8221;boxed&#8221; css=&#8221;.vc_custom_1432727859836{padding-top: 40px !important;}&#8221;][vc_column width=&#8221;3\/4&#8243; offset=&#8221;vc_col-lg-4 vc_col-sm-offset-3&#8243;][vc_column_text]<\/p>\n<h6>\u00bfQu\u00e9 pasa si se mojan mis\u00a0NewYorkinasOriginals?<\/h6>\n<p>[\/vc_column_text][vc_empty_space height=&#8221;14px&#8221;][\/vc_column][vc_column width=&#8221;3\/4&#8243; offset=&#8221;vc_col-lg-offset-0 vc_col-lg-5 vc_col-sm-offset-3&#8243;][vc_column_text]NewYorkinasOriginals\u00a0son de una excelente calidad y el agua no traspasa.<br \/>\nNewYorkinasOriginals\u00a0recomienda rellenarlas con papel de peri\u00f3dico y dejarlas toda la noche, en el caso de que se mojaran por contratiempos atmosf\u00e9ricos.[\/vc_column_text][\/vc_column][\/vc_row][vc_row type=&#8221;boxed&#8221; css=&#8221;.vc_custom_1432727859836{padding-top: 40px !important;}&#8221;][vc_column width=&#8221;3\/4&#8243; offset=&#8221;vc_col-lg-4 vc_col-sm-offset-3&#8243;][vc_column_text]<\/p>\n<h6>\u00bfSe sacrifican animales en la fabricaci\u00f3n?<\/h6>\n<p>[\/vc_column_text][vc_empty_space height=&#8221;14px&#8221;][\/vc_column][vc_column width=&#8221;3\/4&#8243; offset=&#8221;vc_col-lg-offset-0 vc_col-lg-5 vc_col-sm-offset-3&#8243;][vc_column_text]NewYorkinasOriginals,\u00a0no sacrifica animales para la fabricaci\u00f3n de nuestros productos.<br \/>\nSolo utiliza pieles de ganado destinado a las industrias alimentarias, trat\u00e1ndolas a mano por expertos artesanos.[\/vc_column_text][\/vc_column][\/vc_row][vc_row type=&#8221;full-nopad&#8221; css=&#8221;.vc_custom_1432728062229{padding-top: 46px !important;}&#8221;][vc_column][vc_separator][\/vc_column][\/vc_row][vc_row type=&#8221;boxed&#8221; css=&#8221;.vc_custom_1432728051583{padding-top: 49px !important;}&#8221;][vc_column width=&#8221;1\/4&#8243;][vc_column_text el_class=&#8221;nm-highlight-text&#8221;]<\/p>\n<h4>Pagos<\/h4>\n<p>[\/vc_column_text][vc_empty_space height=&#8221;30px&#8221;][\/vc_column][vc_column width=&#8221;3\/4&#8243; offset=&#8221;vc_col-lg-4&#8243;][vc_column_text]<\/p>\n<h6>\u00bfQu\u00e9 m\u00e9todos de pago se aceptan?<\/h6>\n<p>[\/vc_column_text][vc_empty_space height=&#8221;14px&#8221;][\/vc_column][vc_column width=&#8221;3\/4&#8243; offset=&#8221;vc_col-lg-5&#8243;][vc_column_text]Se acepta c\u00f3mo m\u00e9todos de pago:\u00a0PayPal, transferencia bancaria y en breve pagos con TARJETA DE CREDITO.<\/p>\n<p>Comprar en\u00a0NewYorkinasOriginals, es seguro, r\u00e1pido y c\u00f3modo.\u00a0 Cuando compras en\u00a0NewYorkinasOriginals, tu privacidad y seguridad online est\u00e1 siempre garantizada.<\/p>\n<p>NewYorkinasOriginals\u00a0utiliza Paypal como primera opci\u00f3n para realizar pagos seguros.[\/vc_column_text][\/vc_column][\/vc_row][vc_row type=&#8221;full-nopad&#8221; css=&#8221;.vc_custom_1432728062229{padding-top: 46px !important;}&#8221;][vc_column][vc_separator][\/vc_column][\/vc_row][vc_row type=&#8221;boxed&#8221; css=&#8221;.vc_custom_1432728051583{padding-top: 49px !important;}&#8221;][vc_column width=&#8221;1\/4&#8243;][vc_column_text el_class=&#8221;nm-highlight-text&#8221;]<\/p>\n<h4>Env\u00edos<\/h4>\n<p>[\/vc_column_text][vc_empty_space height=&#8221;30px&#8221;][\/vc_column][vc_column width=&#8221;3\/4&#8243; offset=&#8221;vc_col-lg-4&#8243;][vc_column_text]<\/p>\n<h6>\u00bfCu\u00e1ndo llegar\u00e1 mi pedido?<\/h6>\n<p>[\/vc_column_text][vc_empty_space height=&#8221;14px&#8221;][\/vc_column][vc_column width=&#8221;3\/4&#8243; offset=&#8221;vc_col-lg-5&#8243;][vc_column_text]El env\u00edo se realizar\u00e1 en las\u00a024 horas\u00a0posteriores a la recepci\u00f3n del pago.<br \/>\nEnv\u00edos a Brasil, Argentina, Sud Am\u00e9rica y \/ o pa\u00edses con especiales impuestos (tasas \/ aranceles) se aplicar\u00e1n al cliente.<br \/>\n<strong>NO<\/strong>\u00a0se hacen env\u00edos a Andorra, Canarias, Ceuta y Melilla, Gibraltar.<\/p>\n<p>NewYorkinasOriginals son enviadas a trav\u00e9s de TIPSA o DHL[\/vc_column_text][\/vc_column][\/vc_row][vc_row type=&#8221;boxed&#8221; css=&#8221;.vc_custom_1432727850842{padding-top: 40px !important;}&#8221;][vc_column width=&#8221;3\/4&#8243; offset=&#8221;vc_col-lg-4 vc_col-sm-offset-3&#8243;][vc_column_text]<\/p>\n<h6>\u00bfC\u00f3mo se env\u00edan los productos?<\/h6>\n<p>[\/vc_column_text][vc_empty_space height=&#8221;14px&#8221;][\/vc_column][vc_column width=&#8221;3\/4&#8243; offset=&#8221;vc_col-lg-offset-0 vc_col-lg-5 vc_col-sm-offset-3&#8243;][vc_column_text]NewYorkinasOriginals,\u00a0se env\u00edan por mensajer\u00eda.<br \/>\nCada\u00a0NewYorkinasOriginals\u00a0va protegida individualmente, para no ser da\u00f1ada en el transporte y que llegue en perfectas condiciones a las manos de los clientes de\u00a0NewYorkinasOriginals.[\/vc_column_text][\/vc_column][\/vc_row][vc_row type=&#8221;boxed&#8221; css=&#8221;.vc_custom_1432727850842{padding-top: 40px !important;}&#8221;][vc_column width=&#8221;3\/4&#8243; offset=&#8221;vc_col-lg-4 vc_col-sm-offset-3&#8243;][vc_column_text]<\/p>\n<h6>\u00bfSi compro m\u00e1s de una unidad se combina el env\u00edo?<\/h6>\n<p>[\/vc_column_text][vc_empty_space height=&#8221;14px&#8221;][\/vc_column][vc_column width=&#8221;3\/4&#8243; offset=&#8221;vc_col-lg-offset-0 vc_col-lg-5 vc_col-sm-offset-3&#8243;][vc_column_text]No, los env\u00edos no se combinan al ir por peso unitario del producto. En caso de compra varios pares de\u00a0NewYorkinasOriginals\u00a0contactar con\u00a0<a href=\"mailto:thankyou@newyorkinasoriginals.com\">thankyou@newyorkinasoriginals.com<\/a>.<br \/>\nMuy amablemente\u00a0NewYorkinasOriginals\u00a0Team contestar\u00e1 todas sus dudas.[\/vc_column_text][\/vc_column][\/vc_row][vc_row type=&#8221;full-nopad&#8221; css=&#8221;.vc_custom_1432728062229{padding-top: 46px !important;}&#8221;][vc_column][vc_separator][\/vc_column][\/vc_row][vc_row type=&#8221;boxed&#8221; css=&#8221;.vc_custom_1432728051583{padding-top: 49px !important;}&#8221;][vc_column width=&#8221;1\/4&#8243;][vc_column_text el_class=&#8221;nm-highlight-text&#8221;]<\/p>\n<h4>Devoluciones<\/h4>\n<p>[\/vc_column_text][vc_empty_space height=&#8221;30px&#8221;][\/vc_column][vc_column width=&#8221;3\/4&#8243; offset=&#8221;vc_col-lg-4&#8243;][vc_column_text]<\/p>\n<h6>Proceso de Devoluci\u00f3n<\/h6>\n<p>[\/vc_column_text][vc_empty_space height=&#8221;14px&#8221;][\/vc_column][vc_column width=&#8221;3\/4&#8243; offset=&#8221;vc_col-lg-5&#8243;][vc_column_text]Para las devoluciones hay\u00a0<strong>7 d\u00edas<\/strong>\u00a0desde que se recibe el paquete y se\u00a0debe devolver en perfecto estado. Dentro de la caja original, con todos los accesorios extras (tales como : cordones azules extras, bolsa de transporte\u00a0NewYorkinasOriginals etc), intactos y sin usar ninguno de ellos.<\/p>\n<p>Hasta la llegada de la devoluci\u00f3n a oficinas de\u00a0NewYorkinasOriginals\u00a0el cliente se hace responsable del producto. Despu\u00e9s de su revisi\u00f3n total, se le devolver\u00e1 la cantidad abonada de la misma manera que se adquiri\u00f3\u00a0NewYorkinasOriginals. Restando el importe del env\u00edo de devoluci\u00f3n 6\u20ac en pa\u00edses de la comunidad europea. (Otros pa\u00edses \/ continentes sujetos a aranceles \/ fees del mismo pa\u00eds \/ continente. Consultar en\u00a0<a href=\"mailto:thankyou@newyorkinasoriginal.com\">thankyou@newyorkinasoriginals.com<\/a>). En USA y otros destinos, se restar\u00e1 el coste total del env\u00edo en \/ por dicha devoluci\u00f3n. NewYorkinasOriginals\u00a0se reserva el derecho de que si el producto estuviera usado y\/o desperfecto y\/o faltara alguno\/s de los complementos extras se le devolver\u00e1 \u00fanicamente el 50% de la cantidad abonada.[\/vc_column_text][\/vc_column][\/vc_row][vc_row type=&#8221;boxed&#8221; css=&#8221;.vc_custom_1432727850842{padding-top: 40px !important;}&#8221;][vc_column width=&#8221;3\/4&#8243; offset=&#8221;vc_col-lg-4 vc_col-sm-offset-3&#8243;][vc_column_text]<\/p>\n<h6>\u00bfC\u00f3mo hago una devoluci\u00f3n y qui\u00e9n la abona?<\/h6>\n<p>[\/vc_column_text][vc_empty_space height=&#8221;14px&#8221;][\/vc_column][vc_column width=&#8221;3\/4&#8243; offset=&#8221;vc_col-lg-offset-0 vc_col-lg-5 vc_col-sm-offset-3&#8243;][vc_column_text]Las devoluciones son simples, se contacta con\u00a0<a href=\"mailto:thankyou@newyorkinasoriginals.com\">thankyou@newyorkinasoriginals.com<\/a>\u00a0para solicitar la direcci\u00f3n exacta d\u00f3nde recoger\u00a0NewYorkinasOriginals.<br \/>\nSe env\u00eda\u00a0TODO\u00a0en la misma caja,\u00a0NewYorkinasOriginals\u00a0con sus complementos (bolsa de transporte\u00a0NewYorkinasOriginals, cordones azules extras etc.)\u00a0TODO\u00a0sin usar y en perfecto estado.\u00a0NewYorkinasOriginals\u00a0le har\u00e1 llegar un mensajero que recoger\u00e1 el paquete en el lugar indicado. El CLIENTE abonara la cantidad de 6\u20ac en pa\u00edses comunitarios (otros pa\u00edses \/ continentes sujetos a aranceles\/ fees . Consultar en <a href=\"mailto:thankyou@newyorkinasoriginals.com\">thankyou@newyorkinasoriginals.com<\/a>, por el env\u00edo de devoluci\u00f3n que ser\u00e1n restados de la cantidad total a devolver por\u00a0NewYorkinasOriginals\u00a0del mismo modo que hab\u00eda sido pagado.[\/vc_column_text][\/vc_column][\/vc_row][vc_row][vc_column][vc_empty_space height=&#8221;72px&#8221;][\/vc_column][\/vc_row]<\/p>\n","protected":false},"excerpt":{"rendered":"<p>[vc_row][vc_column][vc_empty_space height=&#8221;52px&#8221;][vc_column_text] FAQS NewYorkinasOriginals [\/vc_column_text][vc_empty_space][\/vc_column][\/vc_row][vc_row type=&#8221;boxed&#8221; css=&#8221;.vc_custom_1432752631369{padding-top: 68px !important;}&#8221;][vc_column width=&#8221;1\/4&#8243;][vc_column_text el_class=&#8221;nm-highlight-text&#8221;] Producto [\/vc_column_text][vc_empty_space height=&#8221;30px&#8221;][\/vc_column][vc_column width=&#8221;3\/4&#8243; offset=&#8221;vc_col-lg-4&#8243;][vc_column_text] \u00bfC\u00f3mo elegir mi talla de\u00a0NewYorkinasOriginals? [\/vc_column_text][vc_empty_space height=&#8221;14px&#8221;][\/vc_column][vc_column width=&#8221;3\/4&#8243; offset=&#8221;vc_col-lg-5&#8243;][vc_column_text]NewYorkinasOriginals\u00a0calzan horma ancha\u00a0y no cuentan con medios c\u00f3mo tallaje. A si pues, y dependiendo de tu pie si es estrecho y largo o ancho y grueso\u00a0elegir un n\u00famero m\u00e1s o uno &hellip;<\/p>\n","protected":false},"author":1,"featured_media":0,"parent":0,"menu_order":0,"comment_status":"closed","ping_status":"closed","template":"","meta":[],"_links":{"self":[{"href":"https:\/\/newyorkinasoriginals.com\/es\/wp-json\/wp\/v2\/pages\/379\/"}],"collection":[{"href":"https:\/\/newyorkinasoriginals.com\/es\/wp-json\/wp\/v2\/pages\/"}],"about":[{"href":"https:\/\/newyorkinasoriginals.com\/es\/wp-json\/wp\/v2\/types\/page\/"}],"author":[{"embeddable":true,"href":"https:\/\/newyorkinasoriginals.com\/es\/wp-json\/wp\/v2\/users\/1\/"}],"replies":[{"embeddable":true,"href":"https:\/\/newyorkinasoriginals.com\/es\/wp-json\/wp\/v2\/comments\/?post=379"}],"version-history":[{"count":33,"href":"https:\/\/newyorkinasoriginals.com\/es\/wp-json\/wp\/v2\/pages\/379\/revisions\/"}],"predecessor-version":[{"id":3446,"href":"https:\/\/newyorkinasoriginals.com\/es\/wp-json\/wp\/v2\/pages\/379\/revisions\/3446\/"}],"wp:attachment":[{"href":"https:\/\/newyorkinasoriginals.com\/es\/wp-json\/wp\/v2\/media\/?parent=379"}],"curies":[{"name":"wp","href":"https:\/\/api.w.org\/{rel}","templated":true}]}}