{"id":355,"date":"2015-08-12T12:07:32","date_gmt":"2015-08-12T12:07:32","guid":{"rendered":"http:\/\/savoy.nordicmade.com\/?page_id=355"},"modified":"2017-12-04T15:35:11","modified_gmt":"2017-12-04T15:35:11","slug":"order-tracking","status":"publish","type":"page","link":"https:\/\/newyorkinasoriginals.com\/es\/order-tracking\/","title":{"rendered":"Order Tracking"},"content":{"rendered":"<div class=\"woocommerce\">\r\n\r\r\n<style type=\"text\/css\">\r\r\n\t.woocommerce-error { margin: 55px auto -9px; text-align: center; }\r\r\n\t@media all and (max-width: 550px) { .woocommerce-error { margin-bottom: -36px; } }\r\r\n<\/style>\r\r\n\r\r\n<div class=\"nm-order-track\">\r\r\n    <div class=\"nm-order-track-top\">\r\r\n        <h1>Order Tracking<\/h1>\r\r\n        \r\r\n\t\t<p>Para hacer seguimiento de tu pedido, por favor introduce el ID de tu pedido en el cuadro de abajo y pulsa el bot\u00f3n \u00abSeguir\u00bb. Esto se envi\u00f3 en tu recibo y en el correo electr\u00f3nico de confirmaci\u00f3n que deber\u00edas haber recibido.<\/p>        \r\r\n    <\/div>\r\r\n    \r\r\n    <div class=\"nm-order-track-form\">\r\r\n        <form action=\"https:\/\/newyorkinasoriginals.com\/es\/order-tracking\/\" method=\"post\" class=\"track_order\">\r\r\n            <p class=\"form-row form-row-wide\"><label for=\"orderid\">ID de pedido<\/label> <input class=\"input-text\" type=\"text\" name=\"orderid\" id=\"orderid\" value=\"\" placeholder=\"Se encuentra en tu correo electr\u00f3nico de confirmaci\u00f3n de pedido.\" \/><\/p>\r\r\n            <p class=\"form-row form-row-wide\"><label for=\"order_email\">Correo electr\u00f3nico de facturaci\u00f3n<\/label> <input class=\"input-text\" type=\"text\" name=\"order_email\" id=\"order_email\" value=\"\" placeholder=\"Correo electr\u00f3nico que utiliz\u00f3 durante el pago.\" \/><\/p>\r\r\n            \r\r\n            \r\r\n            <p class=\"form-actions\"><input type=\"submit\" class=\"button\" name=\"track\" value=\"Seguir\" \/><\/p>\r\r\n            <input type=\"hidden\" id=\"_wpnonce\" name=\"_wpnonce\" value=\"c7329aafe7\" \/><input type=\"hidden\" name=\"_wp_http_referer\" value=\"\/es\/wp-json\/wp\/v2\/pages\/355\/\" \/>\r\n        <\/form>\r\r\n    <\/div>\r\r\n<\/div><\/div>\n","protected":false},"excerpt":{"rendered":".woocommerce-error { margin: 55px auto -9px; text-align: center; } @media all and (max-width: 550px) { .woocommerce-error { margin-bottom: -36px; } } Order Tracking Para hacer seguimiento de tu pedido, por favor introduce el ID de tu pedido en el cuadro de abajo y pulsa el bot\u00f3n \u00abSeguir\u00bb. Esto se envi\u00f3 en tu recibo y en [...]","protected":false},"author":1,"featured_media":0,"parent":0,"menu_order":0,"comment_status":"closed","ping_status":"closed","template":"","meta":[],"_links":{"self":[{"href":"https:\/\/newyorkinasoriginals.com\/es\/wp-json\/wp\/v2\/pages\/355\/"}],"collection":[{"href":"https:\/\/newyorkinasoriginals.com\/es\/wp-json\/wp\/v2\/pages\/"}],"about":[{"href":"https:\/\/newyorkinasoriginals.com\/es\/wp-json\/wp\/v2\/types\/page\/"}],"author":[{"embeddable":true,"href":"https:\/\/newyorkinasoriginals.com\/es\/wp-json\/wp\/v2\/users\/1\/"}],"replies":[{"embeddable":true,"href":"https:\/\/newyorkinasoriginals.com\/es\/wp-json\/wp\/v2\/comments\/?post=355"}],"version-history":[{"count":1,"href":"https:\/\/newyorkinasoriginals.com\/es\/wp-json\/wp\/v2\/pages\/355\/revisions\/"}],"predecessor-version":[{"id":1709,"href":"https:\/\/newyorkinasoriginals.com\/es\/wp-json\/wp\/v2\/pages\/355\/revisions\/1709\/"}],"wp:attachment":[{"href":"https:\/\/newyorkinasoriginals.com\/es\/wp-json\/wp\/v2\/media\/?parent=355"}],"curies":[{"name":"wp","href":"https:\/\/api.w.org\/{rel}","templated":true}]}}