{"id":1656,"date":"2017-12-04T13:34:24","date_gmt":"2017-12-04T13:34:24","guid":{"rendered":"https:\/\/newyorkinasoriginals.com\/my-account\/"},"modified":"2017-12-04T13:34:24","modified_gmt":"2017-12-04T13:34:24","slug":"my-account","status":"publish","type":"page","link":"https:\/\/newyorkinasoriginals.com\/es\/my-account\/","title":{"rendered":"My account"},"content":{"rendered":"<div class=\"woocommerce\">\r\n\r\r\n<div class=\"woocommerce-notices-wrapper\"><\/div>\r\n\r\r\n<div id=\"customer_login\" class=\"nm-myaccount-login\">\r\r\n\t\r\n\t\t\r\r\n    <div class=\"nm-myaccount-login-inner\">\r\r\n\t\t\r\r\n        <div id=\"nm-login-wrap\" class=\"inline slide-up fade-in\">\r\r\n            <h2>Acceder<\/h2>\r\r\n    \r\r\n            <form method=\"post\" class=\"login\">\r\r\n    \t\t\t\r\r\n                \r\n                \r\r\n                \r\n    \r\r\n                <p class=\"form-row form-row-wide\">\r\r\n                    <label for=\"username\">Nombre de usuario o correo electr\u00f3nico <span class=\"required\">*<\/span><\/label>\r\r\n                    <input type=\"text\" class=\"woocommerce-Input woocommerce-Input--text input-text\" name=\"username\" id=\"username\" value=\"\" \/>\r\r\n                <\/p>\r\r\n                <p class=\"form-row form-row-wide\">\r\r\n                    <label for=\"password\">Contrase\u00f1a <span class=\"required\">*<\/span><\/label>\r\r\n                    <input class=\"input-text\" type=\"password\" name=\"password\" id=\"password\" \/>\r\r\n                <\/p>\r\r\n    \r\r\n                \r\n                \r\r\n                <p class=\"form-row form-group\">\r\r\n                    <label class=\"woocommerce-form__label woocommerce-form__label-for-checkbox inline\">\r\r\n                        <input class=\"woocommerce-form__input woocommerce-form__input-checkbox\" name=\"rememberme\" type=\"checkbox\" id=\"rememberme\" value=\"forever\" \/> <span>Recu\u00e9rdame<\/span>\r\r\n                    <\/label>\r\r\n                    \r\r\n                    <span class=\"woocommerce-LostPassword lost_password\">\r\r\n                        <a href=\"https:\/\/newyorkinasoriginals.com\/es\/my-account\/lost-password\/\">\u00bfOlvidaste la contrase\u00f1a?<\/a>\r\r\n                    <\/span>\r\r\n                <\/p>\r\r\n                \r\r\n                <p class=\"form-actions\">\r\r\n                    <input type=\"hidden\" id=\"woocommerce-login-nonce\" name=\"woocommerce-login-nonce\" value=\"bbb2b7098d\" \/><input type=\"hidden\" name=\"_wp_http_referer\" value=\"\/es\/wp-json\/wp\/v2\/pages\/1656\" \/>\r\n                    <input type=\"submit\" class=\"button\" name=\"login\" value=\"Acceder\" \/>\r\r\n                    \r\r\n                    \r\n                    <div class=\"nm-login-form-divider\"><span>Or<\/span><\/div>\r\r\n                    \r\r\n                    <a href=\"#\" id=\"nm-show-register-button\" class=\"button border\">Create an account<\/a>\r\r\n                    \r\n                <\/p>\r\r\n                \r\r\n                \r\n    \r\r\n            <\/form>\r\r\n        <\/div>\r\r\n\r\r\n        \r\n\r\r\n        <div id=\"nm-register-wrap\">\r\r\n            <h2>Registrarse<\/h2>\r\r\n    \r\r\n            <form method=\"post\" class=\"register\">\r\r\n    \t\t\t\r\r\n                \r\n                \r\r\n                \r\n    \r\r\n                \r\n    \r\r\n                <p class=\"form-row form-row-wide\">\r\r\n                    <label for=\"reg_email\">Correo electr\u00f3nico <span class=\"required\">*<\/span><\/label>\r\r\n                    <input type=\"email\" class=\"woocommerce-Input woocommerce-Input--text input-text\" name=\"email\" id=\"reg_email\" value=\"\" \/>\r\r\n                <\/p>\r\r\n    \r\r\n                \r\n    \r\r\n                    <p class=\"form-row form-row-wide\">\r\r\n                        <label for=\"reg_password\">Contrase\u00f1a <span class=\"required\">*<\/span><\/label>\r\r\n                        <input type=\"password\" class=\"input-text\" name=\"password\" id=\"reg_password\" \/>\r\r\n                    <\/p>\r\r\n    \r\r\n                \r\n    \r\r\n                <!-- Spam Trap -->\r\r\n                <div style=\"left: -999em; position: absolute;\"><label for=\"trap\">Anti-spam<\/label><input type=\"text\" name=\"email_2\" id=\"trap\" tabindex=\"-1\" autocomplete=\"off\" \/><\/div>\r\r\n                \r\r\n                <div class=\"woocommerce-privacy-policy-text\"><\/div>\r\n                \r\n                \r\r\n                <p class=\"form-actions\">\r\r\n                    <input type=\"hidden\" id=\"woocommerce-register-nonce\" name=\"woocommerce-register-nonce\" value=\"8f155118d9\" \/><input type=\"hidden\" name=\"_wp_http_referer\" value=\"\/es\/wp-json\/wp\/v2\/pages\/1656\" \/>\r\n                    <input type=\"submit\" class=\"button\" name=\"register\" value=\"Registrarse\" \/>\r\r\n                    \r\r\n                    \r\n                    <div class=\"nm-login-form-divider\"><span>Or<\/span><\/div>\r\r\n                    \r\r\n                    <a href=\"#\" id=\"nm-show-login-button\" class=\"button border\">Acceder<\/a>\r\r\n                    \r\n                <\/p>\r\r\n                \r\r\n                \r\n    \r\r\n            <\/form>\r\r\n        <\/div>\r\r\n    \r\r\n        \r\n\r\r\n        \r\n    \r\r\n    <\/div>\r\r\n<\/div>\r\r\n<\/div>\n","protected":false},"excerpt":{"rendered":"Acceder Nombre de usuario o correo electr\u00f3nico * Contrase\u00f1a * Recu\u00e9rdame \u00bfOlvidaste la contrase\u00f1a? Or Create an account Registrarse Correo electr\u00f3nico * Contrase\u00f1a * Anti-spam Or Acceder","protected":false},"author":1,"featured_media":0,"parent":0,"menu_order":0,"comment_status":"closed","ping_status":"closed","template":"","meta":[],"_links":{"self":[{"href":"https:\/\/newyorkinasoriginals.com\/es\/wp-json\/wp\/v2\/pages\/1656\/"}],"collection":[{"href":"https:\/\/newyorkinasoriginals.com\/es\/wp-json\/wp\/v2\/pages\/"}],"about":[{"href":"https:\/\/newyorkinasoriginals.com\/es\/wp-json\/wp\/v2\/types\/page\/"}],"author":[{"embeddable":true,"href":"https:\/\/newyorkinasoriginals.com\/es\/wp-json\/wp\/v2\/users\/1\/"}],"replies":[{"embeddable":true,"href":"https:\/\/newyorkinasoriginals.com\/es\/wp-json\/wp\/v2\/comments\/?post=1656"}],"version-history":[{"count":0,"href":"https:\/\/newyorkinasoriginals.com\/es\/wp-json\/wp\/v2\/pages\/1656\/revisions\/"}],"wp:attachment":[{"href":"https:\/\/newyorkinasoriginals.com\/es\/wp-json\/wp\/v2\/media\/?parent=1656"}],"curies":[{"name":"wp","href":"https:\/\/api.w.org\/{rel}","templated":true}]}}