{"id":1518,"date":"2017-11-29T11:38:51","date_gmt":"2017-11-29T11:38:51","guid":{"rendered":"https:\/\/newyorkinasoriginals.com\/?page_id=1518"},"modified":"2019-01-03T07:29:46","modified_gmt":"2019-01-03T07:29:46","slug":"customiza-tus-newyorkinas","status":"publish","type":"page","link":"https:\/\/newyorkinasoriginals.com\/es\/customiza-tus-newyorkinas\/","title":{"rendered":"Customiza tus Newyorkinas"},"content":{"rendered":"<p>[vc_row type=&#8221;boxed&#8221;][vc_column width=&#8221;5\/6&#8243; offset=&#8221;vc_col-sm-offset-0&#8243;][vc_empty_space height=&#8221;77px&#8221;][vc_column_text css_animation=&#8221;&#8221;]<\/p>\n<h2>Customiza tus<\/h2>\n<h2><span style=\"color: #44c1ee;\">NewYorkinasOriginals<\/span><\/h2>\n<p>[\/vc_column_text][\/vc_column][\/vc_row][vc_row type=&#8221;boxed&#8221;][vc_column width=&#8221;5\/6&#8243; offset=&#8221;vc_col-sm-offset-0&#8243;][vc_empty_space height=&#8221;77px&#8221;][\/vc_column][\/vc_row][vc_row type=&#8221;boxed&#8221;][vc_column width=&#8221;1\/3&#8243; offset=&#8221;vc_col-sm-offset-1 vc_col-xs-6&#8243;][vc_column_text]Nuestro querido amigo JEMAINE BROWNE &amp;\u00a0<span style=\"color: #44c1ee;\">NewYorkinas-Originals<\/span>!!<\/p>\n<p>NewYorkinas-Originals\u00a0sneakers\u00a0<strong>GREENWICH VILLAGE<\/strong>\u00a0model est\u00e1n fabricadas en\u00a0<strong>piel<\/strong>\u00a0de vacuno\u00a0<strong>color beige<\/strong>.\u00a0El detalle principal de estas\u00a0<strong>zapatillas<\/strong>\u00a0es su velcro alrededor del tobillo, donde Jermaine ha &#8220;customizado&#8221;\u00a0con su nombre. No te olvides de nuestra Brand Identity Blue Sole en todas nuestras zapas\u00a0<span style=\"color: #44c1ee;\">NYO<\/span>.<\/p>\n<p><a href=\"http:\/\/jermainebrowne.com\/\" target=\"_blank\" rel=\"noopener\">http:\/\/jermainebrowne.com\/<\/a>[\/vc_column_text][vc_empty_space height=&#8221;100&#8243;][\/vc_column][vc_column width=&#8221;1\/3&#8243; offset=&#8221;vc_col-xs-6&#8243;][vc_single_image image=&#8221;3458&#8243; img_size=&#8221;225&#215;400&#8243; alignment=&#8221;center&#8221; onclick=&#8221;img_link_large&#8221; img_link_target=&#8221;_blank&#8221;][vc_empty_space height=&#8221;100&#8243;][\/vc_column][\/vc_row][vc_row type=&#8221;boxed&#8221;][vc_column width=&#8221;1\/3&#8243; offset=&#8221;vc_col-sm-offset-1 vc_col-xs-6&#8243;][vc_single_image image=&#8221;3460&#8243; img_size=&#8221;225&#215;400&#8243; alignment=&#8221;center&#8221; onclick=&#8221;img_link_large&#8221; img_link_target=&#8221;_blank&#8221;][vc_empty_space height=&#8221;100&#8243;][\/vc_column][vc_column width=&#8221;1\/3&#8243;][vc_column_text]En Barcelona Espa\u00f1a, David Sugra\u00f1es ha customizado sus <span style=\"color: #44c1ee;\">NewYorkinas-Originals<\/span> con su nombre en la parte trasera del tal\u00f3n. Ha elegido el LOGO de PADI la empresa de buzeo, ya que \u00e9l es un gran fan de ese deporte acuatico.<br \/>\nSus <span style=\"color: #44c1ee;\">NYO<\/span> estan fabricadas en serraje de color azul oscuro con la brand identity de <span style=\"color: #44c1ee;\">NewYorkinas-Originals<\/span>: la suela azul.<\/p>\n<p>Customiza tus <span style=\"color: #44c1ee;\">NYO<\/span>. \u00a1GRACIAS por tu confianza David![\/vc_column_text][vc_empty_space height=&#8221;100&#8243;][\/vc_column][\/vc_row][vc_row type=&#8221;boxed&#8221;][vc_column width=&#8221;1\/3&#8243; offset=&#8221;vc_col-sm-offset-1 vc_col-xs-6&#8243;][vc_column_text]El fotografo de moda Kiko Romano ha elegido <span style=\"color: #44c1ee;\">NewYorkinasOriginals<\/span> para su estilo de vida.<\/p>\n<p>Ha customizado sus <span style=\"color: #44c1ee;\">NYO<\/span> con su nombre en la parte trasera del tal\u00f3n y elegido la bandera de Portugal, su pa\u00eds de origen, en la leng\u00fceta.<\/p>\n<p>Customiza t\u00fa tambien tus <span style=\"color: #44c1ee;\">NewYorkinasOriginals<\/span>, con tu estilo propio y &#8220;be DIS-RUPTIBE&#8221;.<\/p>\n<p>Estamos felices de entregarte \u201cThe <span style=\"color: #44c1ee;\">Sky<\/span>Line at your feet\u201d.[\/vc_column_text][vc_empty_space height=&#8221;100&#8243;][\/vc_column][vc_column width=&#8221;1\/3&#8243; offset=&#8221;vc_col-xs-6&#8243;][vc_raw_html]JTNDaWZyYW1lJTIwc3JjJTNEJTIyaHR0cHMlM0ElMkYlMkZ3d3cueW91dHViZS5jb20lMkZlbWJlZCUyRk9UUW01UFBZa0ZvJTNGcmVsJTNEMCUyNmFtcCUzQmNvbnRyb2xzJTNEMCUyNmFtcCUzQnNob3dpbmZvJTNEMCUyMiUyMHdpZHRoJTNEJTIyODUzJTIyJTIwaGVpZ2h0JTNEJTIyNDgwJTIyJTIwZnJhbWVib3JkZXIlM0QlMjIwJTIyJTIwYWxsb3dmdWxsc2NyZWVuJTNEJTIyYWxsb3dmdWxsc2NyZWVuJTIyJTNFJTNDJTJGaWZyYW1lJTNF[\/vc_raw_html][vc_empty_space height=&#8221;100&#8243;][\/vc_column][\/vc_row][vc_row type=&#8221;boxed&#8221;][vc_column width=&#8221;1\/3&#8243; offset=&#8221;vc_col-sm-offset-1 vc_col-xs-6&#8243;][vc_raw_html]JTNDaWZyYW1lJTIwc3JjJTNEJTIyaHR0cHMlM0ElMkYlMkZ3d3cueW91dHViZS5jb20lMkZlbWJlZCUyRkJGa0xOLWtPVGNzJTNGcmVsJTNEMCUyNmFtcCUzQnNob3dpbmZvJTNEMCUyMiUyMHdpZHRoJTNEJTIyODUzJTIyJTIwaGVpZ2h0JTNEJTIyNDgwJTIyJTIwZnJhbWVib3JkZXIlM0QlMjIwJTIyJTIwYWxsb3dmdWxsc2NyZWVuJTNEJTIyYWxsb3dmdWxsc2NyZWVuJTIyJTNFJTNDJTJGaWZyYW1lJTNF[\/vc_raw_html][vc_empty_space height=&#8221;100&#8243;][\/vc_column][vc_column width=&#8221;1\/3&#8243;][vc_column_text]Desde NewYork USA, Athena Diamond ha customizado sus <span style=\"color: #44c1ee;\">NewYorkinasOriginals<\/span> con su nombre bordado en la parte trasera de nuestras &#8220;zapas&#8221; <span style=\"color: #44c1ee;\">NYO<\/span> y la bandera de su pa\u00eds.<\/p>\n<p><span style=\"color: #44c1ee;\">NYO<\/span> sneakers est\u00e1n fabricadas en piel de serraje color azul con nuestra brand identity Blue Sole.<\/p>\n<p>Customiza tus &#8220;zapas&#8221; <span style=\"color: #44c1ee;\">NYO<\/span>.[\/vc_column_text][vc_empty_space height=&#8221;100&#8243;][\/vc_column][\/vc_row][vc_row type=&#8221;boxed&#8221;][vc_column width=&#8221;1\/4&#8243; offset=&#8221;vc_col-sm-offset-1&#8243;][vc_column_text css_animation=&#8221;&#8221;]<\/p>\n<h4>Dale vida a tus<span style=\"color: #44c1ee;\"><span class=\"s1\">\u00a0<\/span><span class=\"s2\">NewYorkinasOriginals!<\/span><\/span><\/h4>\n<p>[\/vc_column_text][vc_empty_space height=&#8221;20px&#8221;][\/vc_column][vc_column width=&#8221;7\/12&#8243; css=&#8221;.vc_custom_1521195616477{padding-left: 40px !important;}&#8221;][vc_column_text css_animation=&#8221;&#8221;]<\/p>\n<p class=\"p2\"><span class=\"s1\">Env\u00edanos tu idea\u00a0a :\u00a0 <a href=\"mailto:thankyou@newyorkinasoriginals.com\"><span class=\"s3\">thankyou@newyorkinasoriginals.com<\/span><\/a>\u00a0\u00a0<\/span><\/p>\n<p class=\"p3\"><span class=\"s2\">Borda tu nombre en la parte trasera del tal\u00f3n. Elige tu bandera y\/o logo.\u00a0<\/span><\/p>\n<p class=\"p3\"><span class=\"s2\">Pedido minimo 1 par.\u00a0<\/span><\/p>\n<p class=\"p3\"><span class=\"s2\">Tiempo m\u00ednimo de espera,\u00a01 mes.<\/span><\/p>\n<p class=\"p3\"><span class=\"s2\">Pago por adelantado.\u00a0<\/span><\/p>\n<p class=\"p3\"><span class=\"s2\">Mas detalles e info en respuesta de tu email de &#8220;costumizaci\u00f3n&#8221;.<\/span><\/p>\n<p class=\"p1\"><span class=\"s1\">No se admiten devoluciones en los pedido personalizados.<\/span><\/p>\n<p>[\/vc_column_text][\/vc_column][\/vc_row][vc_row type=&#8221;full-nopad&#8221;][vc_column][vc_empty_space height=&#8221;100&#8243;][\/vc_column][\/vc_row][vc_row type=&#8221;boxed&#8221;][vc_column width=&#8221;1\/4&#8243; offset=&#8221;vc_col-sm-offset-1&#8243;][vc_column_text css_animation=&#8221;&#8221;]<\/p>\n<h4>Algunos ejemplos<\/h4>\n<p>[\/vc_column_text][vc_empty_space height=&#8221;20px&#8221;][\/vc_column][vc_column width=&#8221;7\/12&#8243;][vc_row_inner][vc_column_inner width=&#8221;1\/2&#8243;][vc_single_image image=&#8221;1706&#8243; img_size=&#8221;medium&#8221; alignment=&#8221;center&#8221; onclick=&#8221;custom_link&#8221; link=&#8221;https:\/\/newyorkinasoriginals.com\/es\/customize\/galaxy-limited-edition\/&#8221;][vc_column_text]<\/p>\n<p style=\"text-align: center;\"><a href=\"https:\/\/newyorkinasoriginals.com\/es\/customize\/galaxy-limited-edition\/\">Galaxy Limited Edition<\/a><\/p>\n<p>[\/vc_column_text][vc_empty_space height=&#8221;20px&#8221;][\/vc_column_inner][vc_column_inner width=&#8221;1\/2&#8243;][vc_single_image image=&#8221;1947&#8243; img_size=&#8221;medium&#8221; alignment=&#8221;center&#8221; onclick=&#8221;custom_link&#8221; link=&#8221;https:\/\/newyorkinasoriginals.com\/es\/customize\/hellas-restaurante-dionisos\/&#8221;][vc_column_text]<\/p>\n<p style=\"text-align: center;\"><a href=\"https:\/\/newyorkinasoriginals.com\/es\/customize\/hellas-restaurante-dionisos\/\">Hellas Restaurante Dionisos<\/a><\/p>\n<p>[\/vc_column_text][vc_empty_space height=&#8221;20px&#8221;][\/vc_column_inner][\/vc_row_inner][\/vc_column][\/vc_row][vc_row type=&#8221;boxed&#8221;][vc_column offset=&#8221;vc_col-sm-offset-1&#8243;][vc_empty_space][\/vc_column][\/vc_row][vc_row type=&#8221;boxed&#8221;][vc_column width=&#8221;1\/4&#8243; offset=&#8221;vc_col-sm-offset-1&#8243;][\/vc_column][vc_column width=&#8221;7\/12&#8243;][vc_row_inner][vc_column_inner width=&#8221;1\/2&#8243;][vc_single_image image=&#8221;2219&#8243; img_size=&#8221;medium&#8221; alignment=&#8221;center&#8221; onclick=&#8221;custom_link&#8221; link=&#8221;https:\/\/newyorkinasoriginals.com\/es\/customize\/joao-alcanta\/&#8221;][vc_column_text]<\/p>\n<p style=\"text-align: center;\"><a href=\"https:\/\/newyorkinasoriginals.com\/es\/customize\/joao-alcanta\/\">Joao Alcanta<\/a><\/p>\n<p>[\/vc_column_text][vc_empty_space height=&#8221;20px&#8221;][\/vc_column_inner][vc_column_inner width=&#8221;1\/2&#8243;][vc_single_image image=&#8221;2221&#8243; img_size=&#8221;medium&#8221; alignment=&#8221;center&#8221; onclick=&#8221;custom_link&#8221; link=&#8221;https:\/\/newyorkinasoriginals.com\/es\/customize\/sam\/&#8221;][vc_column_text]<\/p>\n<p style=\"text-align: center;\"><a href=\"https:\/\/newyorkinasoriginals.com\/es\/customize\/sam\/\">Sam<\/a><\/p>\n<p>[\/vc_column_text][vc_empty_space height=&#8221;20px&#8221;][\/vc_column_inner][\/vc_row_inner][\/vc_column][\/vc_row][vc_row type=&#8221;full-nopad&#8221;][vc_column][vc_empty_space height=&#8221;76&#8243;][\/vc_column][\/vc_row]<\/p>\n","protected":false},"excerpt":{"rendered":"<p>[vc_row type=&#8221;boxed&#8221;][vc_column width=&#8221;5\/6&#8243; offset=&#8221;vc_col-sm-offset-0&#8243;][vc_empty_space height=&#8221;77px&#8221;][vc_column_text css_animation=&#8221;&#8221;] Customiza tus NewYorkinasOriginals [\/vc_column_text][\/vc_column][\/vc_row][vc_row type=&#8221;boxed&#8221;][vc_column width=&#8221;5\/6&#8243; offset=&#8221;vc_col-sm-offset-0&#8243;][vc_empty_space height=&#8221;77px&#8221;][\/vc_column][\/vc_row][vc_row type=&#8221;boxed&#8221;][vc_column width=&#8221;1\/3&#8243; offset=&#8221;vc_col-sm-offset-1 vc_col-xs-6&#8243;][vc_column_text]Nuestro querido amigo JEMAINE BROWNE &amp;\u00a0NewYorkinas-Originals!! NewYorkinas-Originals\u00a0sneakers\u00a0GREENWICH VILLAGE\u00a0model est\u00e1n fabricadas en\u00a0piel\u00a0de vacuno\u00a0color beige.\u00a0El detalle principal de estas\u00a0zapatillas\u00a0es su velcro alrededor del tobillo, donde Jermaine ha &#8220;customizado&#8221;\u00a0con su nombre. No te olvides de nuestra Brand Identity Blue Sole en &hellip;<\/p>\n","protected":false},"author":1,"featured_media":0,"parent":0,"menu_order":0,"comment_status":"closed","ping_status":"closed","template":"","meta":[],"_links":{"self":[{"href":"https:\/\/newyorkinasoriginals.com\/es\/wp-json\/wp\/v2\/pages\/1518\/"}],"collection":[{"href":"https:\/\/newyorkinasoriginals.com\/es\/wp-json\/wp\/v2\/pages\/"}],"about":[{"href":"https:\/\/newyorkinasoriginals.com\/es\/wp-json\/wp\/v2\/types\/page\/"}],"author":[{"embeddable":true,"href":"https:\/\/newyorkinasoriginals.com\/es\/wp-json\/wp\/v2\/users\/1\/"}],"replies":[{"embeddable":true,"href":"https:\/\/newyorkinasoriginals.com\/es\/wp-json\/wp\/v2\/comments\/?post=1518"}],"version-history":[{"count":106,"href":"https:\/\/newyorkinasoriginals.com\/es\/wp-json\/wp\/v2\/pages\/1518\/revisions\/"}],"predecessor-version":[{"id":3472,"href":"https:\/\/newyorkinasoriginals.com\/es\/wp-json\/wp\/v2\/pages\/1518\/revisions\/3472\/"}],"wp:attachment":[{"href":"https:\/\/newyorkinasoriginals.com\/es\/wp-json\/wp\/v2\/media\/?parent=1518"}],"curies":[{"name":"wp","href":"https:\/\/api.w.org\/{rel}","templated":true}]}}