{"id":1514,"date":"2017-11-28T14:12:18","date_gmt":"2017-11-28T14:12:18","guid":{"rendered":"https:\/\/newyorkinasoriginals.com\/?page_id=1514"},"modified":"2017-11-28T14:13:12","modified_gmt":"2017-11-28T14:13:12","slug":"politica-de-cookies","status":"publish","type":"page","link":"https:\/\/newyorkinasoriginals.com\/es\/politica-de-cookies\/","title":{"rendered":"Pol\u00edtica de Cookies"},"content":{"rendered":"<p>[vc_row][vc_column][vc_empty_space height=&#8221;52px&#8221;][vc_column_text]<\/p>\n<h3><strong><span style=\"color: #808080;\">Pol\u00edtica de Cookies<\/span><\/strong><\/h3>\n<p>[\/vc_column_text][vc_empty_space height=&#8221;52px&#8221;][vc_column_text]<\/p>\n<div class=\"rte normalized\">\n<h4><\/h4>\n<\/div>\n<h4><span style=\"color: #919191;\">1. QUE ES UNA COOKIE<\/span><\/h4>\n<p>Una cookie es un peque\u00f1o fichero de texto que un sitio web coloca en su ordenador, tel\u00e9fono o cualquier otro dispositivo, con informaci\u00f3n sobre su navegaci\u00f3n en dicho sitio. Las cookies son necesarias para facilitar la navegaci\u00f3n y hacerla m\u00e1s amigable, y no da\u00f1an su ordenador.<\/p>\n<p>&nbsp;<\/p>\n<h4><span style=\"color: #919191;\">2. UTILIZACI\u00d3N DE COOKIES\u00a0\u00a0\u00a0NewYorkinasOriginals\u00a0\u00a0<\/span><\/h4>\n<p>Las cookies son una parte esencial de c\u00f3mo funciona nuestro sitio web. El objetivo principal de nuestras cookies es mejorar su experiencia en la navegaci\u00f3n. Por ejemplo, a recordar sus preferencias (idioma, pa\u00eds, etc.) durante la navegaci\u00f3n y en futuras visitas.<\/p>\n<p>La informaci\u00f3n recogida en las cookies nos permite mejorar la web, mediante estimaciones sobre n\u00fameros y patrones de uso, la adaptaci\u00f3n del sitio web a los intereses individuales de los usuarios, la aceleraci\u00f3n de las b\u00fasquedas, etc.<\/p>\n<p>En ocasiones, si hemos obtenido su previo consentimiento informado, podremos utilizar cookies, tags u otros dispositivos similares para obtener informaci\u00f3n que nos permita mostrarle desde nuestro sitio web, los de terceros, o cualquier otro medio, publicidad basada en el an\u00e1lisis de sus h\u00e1bitos de navegaci\u00f3n.<\/p>\n<p>NewYorkinasOriginals\u00a0\u00a0no almacena informaci\u00f3n sensible de identificaci\u00f3n personal como su direcci\u00f3n, su contrase\u00f1a, los datos de su tarjeta de cr\u00e9dito o d\u00e9bito, etc., en las cookies utilizadas.<\/p>\n<p>La informaci\u00f3n almacenada en las cookies de\u00a0\u00a0NewYorkinasOriginals\u00a0\u00a0\u00a0es utilizada exclusivamente por nosotros, a excepci\u00f3n de aquellas identificadas m\u00e1s adelante como \u201ccookie de terceros\u201d, que son utilizadas y gestiona das por entidades externas para proporcionarnos servicios solicitados por nosotros para mejorar nuestros servicios y la experiencia del usuario al navegar en nuestro sitio web.<\/p>\n<p>Los principales servicios para los que se utilizan estas \u201ccookies de terceros\u201d son la obtenci\u00f3n de estad\u00edsticas de accesos y garantizar las operaciones de pago realizadas.<\/p>\n<p>&nbsp;<\/p>\n<h4><span style=\"color: #919191;\">3. EVITAR USO DE COOKIES<\/span><strong><br \/>\n<\/strong><\/h4>\n<p>Si usted prefiere evitar el uso de cookies en esta p\u00e1gina teniendo en cuenta las limitaciones anteriores debe, en primer lugar, deshabilitar en su navegador el uso de cookies y, en segundo lugar, eliminar las cookies guardadas en su navegador asociadas a este sitio web.<\/p>\n<p>Esta posibilidad de evitar el uso de cookies puede ser llevada a cabo por usted en cualquier momento.<\/p>\n<p>Para restringir, bloquear o borrar las cookies de este sitio web puede hacerlo, en cualquier momento, modificando la configuraci\u00f3n de su navegador conforme a las pautas que se indican a continuaci\u00f3n.<\/p>\n<p>Es necesario destacar, que la parametrizaci\u00f3n de cada navegador es diferente, es habitual que la configuraci\u00f3n de las cookies se realice en el men\u00fa de \u201cPreferencias\u201d o \u201cHerramientas\u201d. Para m\u00e1s detalle sobre la configuraci\u00f3n de las cookies en su navegador, consulte el men\u00fa &#8220;Ayuda&#8221; del mismo, o pinche en los siguientes enlaces:<\/p>\n<ul>\n<li>Firefox desde\u00a0http:\/\/support.mozilla.org\/es\/kb\/habilitar-y-deshabilitar-cookies-que-los-sitios-we<\/li>\n<li>Chrome desde\u00a0http:\/\/support.google.com\/chrome\/bin\/answer.py?hl=es&amp;answer=95647<\/li>\n<li>Explorer desde\u00a0http:\/\/windows.microsoft.com\/es-es\/windows7\/how-to-manage-cookies-in-internet-explorer-9<\/li>\n<li>Safari desde\u00a0http:\/\/support.apple.com\/kb\/ph5042<\/li>\n<\/ul>\n<p>[\/vc_column_text][vc_empty_space height=&#8221;92px&#8221;][\/vc_column][\/vc_row]<\/p>\n","protected":false},"excerpt":{"rendered":"<p>[vc_row][vc_column][vc_empty_space height=&#8221;52px&#8221;][vc_column_text] Pol\u00edtica de Cookies [\/vc_column_text][vc_empty_space height=&#8221;52px&#8221;][vc_column_text] 1. QUE ES UNA COOKIE Una cookie es un peque\u00f1o fichero de texto que un sitio web coloca en su ordenador, tel\u00e9fono o cualquier otro dispositivo, con informaci\u00f3n sobre su navegaci\u00f3n en dicho sitio. Las cookies son necesarias para facilitar la navegaci\u00f3n y hacerla m\u00e1s amigable, y no &hellip;<\/p>\n","protected":false},"author":1,"featured_media":0,"parent":0,"menu_order":0,"comment_status":"closed","ping_status":"closed","template":"","meta":[],"_links":{"self":[{"href":"https:\/\/newyorkinasoriginals.com\/es\/wp-json\/wp\/v2\/pages\/1514\/"}],"collection":[{"href":"https:\/\/newyorkinasoriginals.com\/es\/wp-json\/wp\/v2\/pages\/"}],"about":[{"href":"https:\/\/newyorkinasoriginals.com\/es\/wp-json\/wp\/v2\/types\/page\/"}],"author":[{"embeddable":true,"href":"https:\/\/newyorkinasoriginals.com\/es\/wp-json\/wp\/v2\/users\/1\/"}],"replies":[{"embeddable":true,"href":"https:\/\/newyorkinasoriginals.com\/es\/wp-json\/wp\/v2\/comments\/?post=1514"}],"version-history":[{"count":2,"href":"https:\/\/newyorkinasoriginals.com\/es\/wp-json\/wp\/v2\/pages\/1514\/revisions\/"}],"predecessor-version":[{"id":1516,"href":"https:\/\/newyorkinasoriginals.com\/es\/wp-json\/wp\/v2\/pages\/1514\/revisions\/1516\/"}],"wp:attachment":[{"href":"https:\/\/newyorkinasoriginals.com\/es\/wp-json\/wp\/v2\/media\/?parent=1514"}],"curies":[{"name":"wp","href":"https:\/\/api.w.org\/{rel}","templated":true}]}}