{"id":1427,"date":"2017-11-24T11:39:23","date_gmt":"2017-11-24T11:39:23","guid":{"rendered":"https:\/\/newyorkinasoriginals.com\/?page_id=1427"},"modified":"2018-05-08T18:05:06","modified_gmt":"2018-05-08T18:05:06","slug":"terminos-y-condiciones","status":"publish","type":"page","link":"https:\/\/newyorkinasoriginals.com\/es\/terminos-y-condiciones\/","title":{"rendered":"T\u00e9rminos y condiciones"},"content":{"rendered":"<p>[vc_row][vc_column][vc_empty_space height=&#8221;52px&#8221;][vc_column_text]<\/p>\n<h3><strong><span style=\"color: #919191;\">T\u00e9rminos y condiciones<\/span><\/strong><\/h3>\n<p>&nbsp;<\/p>\n<p>&nbsp;<\/p>\n<div class=\"rte normalized\">\n<p><em>1.\u00a0\u00a0 \u00a0Titularidad de la web<br \/>\n<em>2.\u00a0\u00a0 \u00a0Condiciones generales de uso.<\/em><br \/>\n<em>3.\u00a0\u00a0 \u00a0Cl\u00e1usula de exclusi\u00f3n de responsabilidad.<br \/>\n4.\u00a0\u00a0 \u00a0R\u00e9gimen de propiedad industria e intelectual.<br \/>\n5.\u00a0\u00a0 \u00a0Condiciones generales de prestaci\u00f3n de servicios.<br \/>\n6.\u00a0\u00a0 \u00a0Condiciones especiales de contrataci\u00f3n.<br \/>\n7.\u00a0\u00a0 \u00a0Objeto.<\/em><\/em><\/p>\n<p>&nbsp;<\/p>\n<p><span style=\"color: #808080;\"><strong>1.\u00a0\u00a0 \u00a0Titularidad de la web.<\/strong><\/span><\/p>\n<p>La p\u00e1gina web \u201cwww.newyorkinasoriginals.com\u201d es titularidad de\u00a0Rosa Mar\u00eda Dominguez Estevez,\u00a0 con domicilio sito en\u00a0<span class=\"s1\">Ventura i Gassol, 2B\u00a0<\/span>de Cambrils (Tarragona) y\u00a0 NIF:<span class=\"s1\">46238202Z<\/span>, en adelante NewYorkinasOriginals.<\/p>\n<p>E-mail de contacto:\u00a0<a href=\"mailto:thankyou@newyorkinasoriginals.com\">thankyou@newyorkinasoriginals.com<\/a><\/p>\n<p>Tel\u00e9fono contacto:\u00a0 (+34)\u00a0<span class=\"s1\">630048102.<\/span><\/p>\n<p>&nbsp;<\/p>\n<p><span style=\"color: #808080;\"><strong>2.\u00a0\u00a0 \u00a0Condiciones generales de uso.<\/strong><\/span><\/p>\n<p>a.\u00a0\u00a0 \u00a0La utilizaci\u00f3n de este espacio web est\u00e1 sujeta a la aceptaci\u00f3n plena por parte del usuario de estas Condiciones Generales de Uso, o bien de aquellas que se encuentren vigentes en cada momento en que el usuario acceda al mismo.<\/p>\n<p>b.\u00a0\u00a0 \u00a0Solo se permite el acceso a este sitio as\u00ed como su uso con fines l\u00edcitos, ajust\u00e1ndose en todo momento su uso a las presentes Condiciones Generales, la ley aplicable en cada momento, as\u00ed como la moral, buenas costumbres y orden p\u00fablico. La empresa se reserva el derecho a retirar el acceso a este sitio, sin necesidad de previo aviso, a cualquier usuario que contravenga lo dispuesto en este aviso legal, as\u00ed como a poner en conocimiento de las autoridades competentes la realizaci\u00f3n de actividades que pudiesen ser constitutivas de delito.<\/p>\n<p>c.\u00a0\u00a0 \u00a0La empresa se reserva el derecho unilateral de modificar en cualquier momento las presentes Condiciones Generales de Uso as\u00ed como cualesquiera otras condiciones generales o particulares de su p\u00e1gina web. Tambi\u00e9n se reserva el derecho a modificar en cualquier momento la presentaci\u00f3n, configuraci\u00f3n y localizaci\u00f3n del Sitio Web, as\u00ed como los contenidos y las condiciones requeridas para utilizar los mismos.<\/p>\n<p>d.\u00a0\u00a0 \u00a0El Usuario reconoce que el acceso a este sitio se realiza bajo su libre consentimiento y es responsabilidad exclusiva suya.<\/p>\n<p>e.\u00a0\u00a0 \u00a0Titular de la marca\u00a0\u00a0NewYorkinasOriginals\u00a0\u00a0y de la web\u00a0\u00a0www.newyorkinasoriginal.com\u00a0\u00a0(en adelante,\u00a0NewYorkinasOriginals) se reserva el derecho de poner en conocimiento de la Autoridad competente cualquier otro uso que pueda atentar contra sus intereses o derechos o puedan ser constitutivos de delito.<\/p>\n<p>f.\u00a0\u00a0 \u00a0\u00a0NewYorkinasOriginals\u00a0\u00a0se reserva el derecho a poner fin a este servicio web en cualquier momento sin m\u00e1s requisito que el aviso en las presentes condiciones con 15 d\u00edas de antelaci\u00f3n.<\/p>\n<p>&nbsp;<\/p>\n<p><span style=\"color: #808080;\"><strong>3.\u00a0\u00a0 <\/strong><strong>\u00a0<\/strong><strong>Cl\u00e1usula de exclusi\u00f3n de responsabilidad.<\/strong><\/span><\/p>\n<p>a.\u00a0\u00a0 \u00a0\u00a0NewYorkinasOriginals\u00a0\u00a0no puede garantizar la disponibilidad permanente del servicio que ofrece este sitio, ni se hace responsable de cualesquiera da\u00f1os y perjuicios producidos o que puedan producirse en el futuro, ni de los defectos t\u00e9cnicos, cualquiera que sea su naturaleza, que se deriven del uso de la informaci\u00f3n contenida en este sitio.<\/p>\n<p>b.\u00a0\u00a0 \u00a0En el caso en que, por un ataque inform\u00e1tico, se produjesen errores en la informaci\u00f3n facilitada,\u00a0NewYorkinasOriginals\u00a0\u00a0no se hace responsable de tales errores as\u00ed como de los da\u00f1os causados por el uso de la informaci\u00f3n derivada de dichos errores.<\/p>\n<p>c.\u00a0\u00a0 \u00a0El contenido de esta web es meramente informativo, no haci\u00e9ndose responsable en ning\u00fan momento acerca de los posibles errores producidos en su presentaci\u00f3n. Por errores, se entender\u00e1n las descripciones de productos, as\u00ed como los precios que indiquen claramente errores tipogr\u00e1ficos, siendo los mismos de f\u00e1cil identificaci\u00f3n por usuarios que adopten la debida diligencia aplicable para la adquisici\u00f3n de bienes y servicios.<\/p>\n<p>&nbsp;<\/p>\n<p><span style=\"color: #919191;\"><strong>4.\u00a0\u00a0 \u00a0R\u00e9gimen de propiedad industrial e intelectual.<\/strong><\/span><\/p>\n<p>a.\u00a0\u00a0 \u00a0La propiedad industrial e intelectual de cuantos logos, emblemas, o cualquier elemento incorporado en el dise\u00f1o de este sitio, as\u00ed como el de los distintos productos que en el mismo se ofrecen, pertenecen en exclusiva a\u00a0\u00a0NewYorkinasOriginals\u00a0. El Usuario reconoce y acepta estos derechos. Los elementos de esta web sobre los que\u00a0\u00a0NewYorkinasOriginals\u00a0\u00a0no tiene derechos de propiedad intelectual o industrial son usados con el correspondiente permiso.<\/p>\n<p>b.\u00a0\u00a0 \u00a0Queda prohibida la reproducci\u00f3n de todo o parte del contenido de esta web, as\u00ed como su transmisi\u00f3n o registrado por ning\u00fan sistema de recuperaci\u00f3n de informaci\u00f3n, en ninguna forma ni en ning\u00fan medio, a menos que se cuente con la autorizaci\u00f3n previa, por escrito, de\u00a0\u00a0NewYorkinasOriginals.<\/p>\n<p>c.\u00a0\u00a0 \u00a0No est\u00e1 permitido eludir el copyright sobre los derechos de\u00a0\u00a0NewYorkinasOriginals, as\u00ed como eludir o tratar de eludir los sistemas que haya o pueda haber de protecci\u00f3n del los contenidos. Se permite el derecho de cita siempre que se indique la fuente de la que proviene.<\/p>\n<p>d.\u00a0\u00a0 \u00a0Cualquier violaci\u00f3n de los derechos de propiedad intelectual o industrial de este portal o los elementos de\u00a0NewYorkinasOriginals\u00a0\u00a0ser\u00e1 objeto de las oportunas medidas legales para lograr la protecci\u00f3n de \u00e9stos.<\/p>\n<p>&nbsp;<\/p>\n<p><span style=\"color: #919191;\"><strong>5.\u00a0\u00a0 \u00a0Condiciones generales para las prestaci\u00f3n de servicios<\/strong><\/span><\/p>\n<p>Informaci\u00f3n previa a la contrataci\u00f3n<\/p>\n<p>a.\u00a0\u00a0 \u00a0Estas condiciones generales de contrataci\u00f3n junto con las condiciones particulares que puedan establecerse, regular\u00e1n expresamente las relaciones surgidas entre\u00a0\u00a0NewYorkinasOriginals\u00a0\u00a0y los terceros (en adelante &#8220;usuarios&#8221;) que contraten la prestaci\u00f3n de los servicios o productos ofrecidos a trav\u00e9s de la web\u00a0\u00a0www.newyorkinasoriginals.com<\/p>\n<p>b.\u00a0\u00a0 \u00a0Las presentes Condiciones Generales han sido elaboradas de conformidad con lo establecido en las leyes vigentes que regulan el comercio electr\u00f3nico:<\/p>\n<ul>\n<li>Ley 34\/2002 del 11 de julio: Servicios de la sociedad de la informaci\u00f3n y comercio electr\u00f3nico.<\/li>\n<li>Ley 3\/2014 del 27 de Marzo: Defensa de los consumidores y usuarios.<\/li>\n<li>Ley 7\/1998: Condiciones Generales de contrataci\u00f3n.<\/li>\n<li>Ley Org\u00e1nica 15\/1999 del 13 de diciembre: Protecci\u00f3n de Datos de Car\u00e1cter Personal.<\/li>\n<\/ul>\n<p>c.\u00a0\u00a0 \u00a0La utilizaci\u00f3n de los servicios de\u00a0\u00a0NewYorkinasOriginals\u00a0\u00a0supone la aceptaci\u00f3n por parte del usuario, sin reservas de ninguna clase, de todas y cada una de las Condiciones Generales de Contrataci\u00f3n, de las Condiciones Generales de Utilizaci\u00f3n de la web as\u00ed como de las Condiciones Particulares que rijan las adquisiciones.<\/p>\n<p>d.\u00a0\u00a0 \u00a0\u00a0NewYorkinasOriginals\u00a0\u00a0informa que los tr\u00e1mites para efectuar la adquisici\u00f3n de bienes y\/o obtener la prestaci\u00f3n de los servicios ofrecidos, son aquellos que se describen en las presentes Condiciones Generales, de las Condiciones Generales de uso de la web, as\u00ed como aquellos otros espec\u00edficos que eventualmente se indicar\u00e1n en pantalla durante la navegaci\u00f3n, de manera que el Usuario declara y aceptar dichos tr\u00e1mites como necesarios para acceder a los productos y servicios ofrecidos en\u00a0\u00a0www.newyorkinasoriginals.com<\/p>\n<p>e.\u00a0\u00a0 \u00a0Una vez que el Usuario hubiera accedido para proceder a la utilizaci\u00f3n de los distintos servicios, el mismo deber\u00e1 seguir todas las indicaciones e instrucciones recogidas en pantalla, cumplimentando a estos efectos las Condiciones Particulares y dem\u00e1s formularios fijados para cada servicio, lo cual supondr\u00e1 la lectura y aceptaci\u00f3n de todas las Condiciones Generales fijadas en las Condiciones Generales de uso del Portal, en estas Condiciones Generales de Contrataci\u00f3n, as\u00ed como en las Condiciones Particulares que fueran de aplicaci\u00f3n.<\/p>\n<p>f.\u00a0\u00a0 \u00a0Una vez efectuado un pedido,\u00a0\u00a0NewYorkinasOriginals\u00a0\u00a0enviar\u00e1 al Usuario, por correo electr\u00f3nico, el comprobante de la contrataci\u00f3n efectuada, que se unir\u00e1 a la factura que se adjuntar\u00e1 con la entrega del producto (&#8220;albar\u00e1n&#8221;).<\/p>\n<p>&nbsp;<\/p>\n<p><span style=\"color: #919191;\"><strong>6.\u00a0\u00a0 \u00a0Condiciones especiales de contrataci\u00f3n<\/strong><\/span><\/p>\n<p>Los servicios y productos ofertados en esta web se regir\u00e1n tanto por lo establecido en las presentes Condiciones Generales como \u2013especialmente- por lo previsto en la Condiciones Particulares fijadas para cada uno de los servicios.<\/p>\n<p>Todos los medios y requerimientos t\u00e9cnicos que se precisen para acceder a\u00a0\u00a0www.newyorkinasoriginals.com\u00a0\u00a0y a los servicios ofrecidos en la misma ser\u00e1n por cuenta exclusiva del usuario, as\u00ed como cualesquier gastos o impuestos a los que la prestaci\u00f3n de dichos servicios y productos pueda dar lugar.<\/p>\n<p>&nbsp;<\/p>\n<p><span style=\"color: #919191;\"><strong>7.\u00a0\u00a0 \u00a0Objeto<\/strong><\/span><\/p>\n<p>El objeto de esta compraventa es la adquisici\u00f3n por parte del usuario de uno o m\u00e1s de los distintos productos y servicios ofrecidos en\u00a0\u00a0www.newyorkinasoriginals.com\u00a0, en los apartados &#8220;Sneakers&#8221; . La descripci\u00f3n de los objetos, as\u00ed como sus caracter\u00edsticas t\u00e9cnicas y est\u00e9ticas, medidas, colores y materiales aparecer\u00e1n siempre al lado de las im\u00e1genes que representan los distintos art\u00edculos. En el caso de las medidas de las Sneakers, el despegable que aparece en la web, indicar\u00e1 siempre las medidas est\u00e1ndar aceptadas para el mercado espa\u00f1ol.<\/p>\n<p><span style=\"color: #919191;\">a.\u00a0\u00a0 \u00a0<strong>Precio:<\/strong><\/span>\u00a0El precio indicado al lado de la imagen del producto elegido se entender\u00e1 siempre como precio para cada objeto,\u00a0 cuyo precio se entender\u00e1 siempre por cada par. El precio indicado es el precio de venta al p\u00fablico (P.V.P.), con IVA e impuestos que lo sustituyan incluidos. Se excluyen expresamente los gastos derivados del env\u00edo, que aparecer\u00e1n, necesariamente, antes de la formalizaci\u00f3n del pedido, de manera que el usuario podr\u00e1 siempre conocer este extremo, antes de formalizar la compra.<\/p>\n<p><span style=\"color: #919191;\">b.\u00a0\u00a0\u00a0<strong>\u00a0Plazos:<\/strong><\/span>\u00a0El plazo de entrega para el territorio espa\u00f1ol (excluidas Canarias, Ceuta y Melilla) es de una semana. El usuario acepta que, en determinados per\u00edodos del a\u00f1o, es posible que el plazo de entrega se dilate de unos d\u00edas. En este caso, as\u00ed como en todos los casos de fuerza mayor, el usuario no podr\u00e1 reclamar por los retrasos registrados. Envios a Brazil, Argentin, Sud America y \/ o paises con especiales impuestos ( taxas ) se aplicaran al cliente.\u00a0<b>NO\u00a0\u00a0<\/b>se hacen envios a Andorra, Canarias, Ceuta y Melilla, Gibraltar.<\/p>\n<p><span style=\"color: #919191;\">c.\u00a0\u00a0 \u00a0<strong>Rebajas:\u00a0<\/strong><\/span>\u00a0Por per\u00edodos de rebajas, y para poder beneficiarse de los descuentos previstos para algunos productos en determinados per\u00edodo del a\u00f1o, se entender\u00e1n s\u00f3lo y exclusivamente los que aparezcan indicados en la pantalla, con la inclusi\u00f3n de la fecha \u201cdesde\u201d\u201dal\u201d.<br \/>\nEn ambos casos, los primeros d\u00edas de cada plazo, ser\u00e1n considerados incluidos en el per\u00edodo de descuento. Si\u00a0NewYorkinasOriginals\u00a0\u00a0recibiera pedidos fuera de los plazos se\u00f1alados como especiales o &#8220;REBAJAS&#8221;, los mismos ser\u00e1n atendidos seg\u00fan los precios y condiciones especiales previstas de manera general para los art\u00edculos adquiridos.<\/p>\n<p><span style=\"color: #919191;\">d.\u00a0\u00a0 \u00a0<strong>Legislaci\u00f3n aplicable<\/strong><\/span><\/p>\n<ul>\n<li>NewYorkinasOriginals\u00a0, informa que este sitio web se encuentra alojado en Espa\u00f1a, pa\u00eds en el que ofrece sus servicios, y por ello la \u00fanica legislaci\u00f3n aplicable para resolver cualquier conflicto respecto a la interpretaci\u00f3n de estas condiciones, su alcance, validez y ejecuci\u00f3n, es la legislaci\u00f3n espa\u00f1ola, as\u00ed como los Tratados Internacionales que haya suscrito Espa\u00f1a.<\/li>\n<li>Mediante la aceptaci\u00f3n de las presentes Condiciones Generales, el usuario se somete a la jurisdicci\u00f3n de los Tribunales de la ciudad de Barcelona, para resolver cualquier controversia relacionada con el apartado anterior.<\/li>\n<\/ul>\n<p>&nbsp;<\/p>\n<p><span style=\"color: #919191;\">e.\u00a0\u00a0 \u00a0<strong>\u00danica modalidad de contrataci\u00f3n admitida<\/strong><\/span><\/p>\n<p>El usuario que deseara adquirir los productos presentes en la web\u00a0\u00a0www.newyorkinasoriginals.com\u00a0\u00a0deber\u00e1 obligatoriamente seguir los siguientes pasos:<\/p>\n<p>El usuario elegir\u00e1 el modelo de producto que desea adquirir y adem\u00e1s, en los casos de Sneakers, deber\u00e1 usar el desplegable para indicar la talla elegida.<\/p>\n<p>Una vez elegido el producto, el usuario pinchar\u00e1 sobre el icono marcado como &#8220;A\u00f1adir al carro&#8221;. De esta forma, en la parte superior derecha de la p\u00e1gina web, saldr\u00e1 la descripci\u00f3n del n\u00famero de productos a\u00f1adidos.<\/p>\n<p>Este procedimiento se podr\u00e1 repetir todas las veces que se quiera, con uno o distintos productos. Solo cuando se pincha el icono &#8220;Comprar&#8221;, se formalizar\u00e1 la adquisici\u00f3n. En este momento, el usuario deber\u00e1 completar correctamente los apartados &#8220;Direcci\u00f3n e-mail&#8221; y &#8220;Contrase\u00f1a&#8221;. Todos los datos ser\u00e1n necesariamente ver\u00eddicos, asumiendo el usuario la responsabilidad de corregir los eventuales errores o incorrecciones.<\/p>\n<p>En los casos en los que el usuario todav\u00eda no se haya registrado, deber\u00e1 completar los datos presentes en el apartado indicado como link en &#8220;registrarte&#8221;. Los datos recopilados en este apartado, ser\u00e1n tratados de acuerdo con la legislaci\u00f3n vigente en materia de protecci\u00f3n de datos (LOPD, n. 15\/99), con la \u00fanica finalidad de atender los pedidos de los clientes y mantener las relaciones con los mismos a trav\u00e9s de futuros boletines informativos sobre las actividades promocionales de\u00a0NewYorkinasOriginals\u00a0.<\/p>\n<p>En todo caso, los usuarios podr\u00e1n ejercer los derechos previstos en la LOPD (acceso, rectificaci\u00f3n, oposici\u00f3n y cancelaci\u00f3n), enviando una carta, adjuntando fotocopia del DNI, a la siguiente direcci\u00f3n:\u00a0thankyou@newyorkinasoriginals.com<\/p>\n<p>Una vez registrado, el usuario recibir\u00e1 la contrase\u00f1a asociada a su cuenta de correo. Ambas se utilizar\u00e1n s\u00f3lo y exclusivamente para realizar las compras en\u00a0\u00a0www.newyorkinasoriginals.com\u00a0. Una vez compilados correctamente los dos apartados (&#8220;E.mail&#8221; y &#8220;Contrase\u00f1a&#8221;), el usuario deber\u00e1 pinchar en el icono &#8220;Identificarse&#8221;.<\/p>\n<p>De esta forma, tendr\u00e1 acceso a la &#8220;Zona de Usuario&#8221; donde el mismo podr\u00e1, si lo desea, modificar los datos de contacto, consultar sus pedidos, etc. En este momento, el usuario podr\u00e1 elegir entre las modalidades de pago &#8220;Tarjeta de Cr\u00e9dito&#8221;, &#8220;Transferencia Bancaria&#8221; o &#8220;PayPal&#8221;. Si el usuario elije la opci\u00f3n &#8220;Tarjeta de Cr\u00e9dito&#8221;, aparecer\u00e1 la siguiente inscripci\u00f3n: &#8220;Pago con Tarjeta de Cr\u00e9dito&#8221;.<\/p>\n<p>A continuaci\u00f3n, comenzaremos el proceso de compra online utilizando tarjeta de cr\u00e9dito. Para ello, te dirigiremos a la pasarela de pago virtual del LA CAIXA , donde podr\u00e1s realizar el pago con todas las garant\u00edas. Una vez realizado el pago la pasarela te devolver\u00e1 a nuestra tienda y la compra se habr\u00e1 hecho efectiva. Por favor no cierre su navegador hasta que este proceso se haya finalizado por completo.&#8221;<\/p>\n<p>Todos los problemas de \u00edndole t\u00e9cnico, jur\u00eddico o de navegaci\u00f3n derivados del acceso a la pasarela de pago de LA CAIXA \u00a0no podr\u00e1n imputarse a\u00a0\u00a0NewYorkinasOriginals\u00a0. Tan pronto la entidad financiera comunique a\u00a0NewYorkinasOriginals\u00a0\u00a0la realizaci\u00f3n del pago,\u00a0\u00a0NewYorkinasOriginals\u00a0\u00a0proceder\u00e1 a enviar al usuario los productos adquiridos.<\/p>\n<p>Si el usuario elije la opci\u00f3n &#8220;Transferencia Bancaria&#8221;, aparecer\u00e1 la siguiente inscripci\u00f3n: &#8220;Gracias por confiar en\u00a0www.newyorkinasoriginals.com\u00a0&#8220;. Revisa tu correo electr\u00f3nico. Te hemos enviado un e-mail como comprobante del pedido que recibir\u00e1s en breve.<\/p>\n<p>Para finalizar la compra, debes realizar una transferencia bancaria con los siguientes datos, indicando tu nombre, apellidos y referencia del pedido:\u00a0ES82 2100 1421 1801 0056 2438<\/p>\n<p>El usuario deber\u00e1 abonar a la cuenta mencionada, el total del pedido realizado (producto + gastos de env\u00edo, que aparecen en la parte superior derecha de la pantalla).<\/p>\n<p>Tan pronto la entidad financiera comunique a\u00a0\u00a0NewYorkinasOriginals\u00a0\u00a0la realizaci\u00f3n del pago,\u00a0\u00a0NewYorkinasOriginals\u00a0proceder\u00e1 a enviar al usuario los productos adquiridos. En todo momento, el usuario tendr\u00e1 a disposici\u00f3n una direcci\u00f3n e-mail (\u00a0thankyou@newyorkinasroginals.com\u00a0)\u00a0 para solicitar cualquier tipo de ayuda en la realizaci\u00f3n de las compras.<\/p>\n<p>&nbsp;<\/p>\n<p><span style=\"color: #919191;\"><strong>C\u00f3mo ponerse en contacto<\/strong><\/span><\/p>\n<p>Si desea aclarar cualquier aspecto acerca de las condiciones de uso descritas, puede dirigirse a\u00a0\u00a0<a href=\"mailto:thankyou@newyorkinasoriginals.com\">thankyou@newyorkinasoriginals.com<\/a><\/p>\n<\/div>\n<p>[\/vc_column_text][vc_empty_space height=&#8221;92px&#8221;][\/vc_column][\/vc_row]<\/p>\n","protected":false},"excerpt":{"rendered":"<p>[vc_row][vc_column][vc_empty_space height=&#8221;52px&#8221;][vc_column_text] T\u00e9rminos y condiciones &nbsp; &nbsp; 1.\u00a0\u00a0 \u00a0Titularidad de la web 2.\u00a0\u00a0 \u00a0Condiciones generales de uso. 3.\u00a0\u00a0 \u00a0Cl\u00e1usula de exclusi\u00f3n de responsabilidad. 4.\u00a0\u00a0 \u00a0R\u00e9gimen de propiedad industria e intelectual. 5.\u00a0\u00a0 \u00a0Condiciones generales de prestaci\u00f3n de servicios. 6.\u00a0\u00a0 \u00a0Condiciones especiales de contrataci\u00f3n. 7.\u00a0\u00a0 \u00a0Objeto. &nbsp; 1.\u00a0\u00a0 \u00a0Titularidad de la web. La p\u00e1gina web \u201cwww.newyorkinasoriginals.com\u201d es &hellip;<\/p>\n","protected":false},"author":1,"featured_media":0,"parent":0,"menu_order":0,"comment_status":"closed","ping_status":"closed","template":"","meta":[],"_links":{"self":[{"href":"https:\/\/newyorkinasoriginals.com\/es\/wp-json\/wp\/v2\/pages\/1427\/"}],"collection":[{"href":"https:\/\/newyorkinasoriginals.com\/es\/wp-json\/wp\/v2\/pages\/"}],"about":[{"href":"https:\/\/newyorkinasoriginals.com\/es\/wp-json\/wp\/v2\/types\/page\/"}],"author":[{"embeddable":true,"href":"https:\/\/newyorkinasoriginals.com\/es\/wp-json\/wp\/v2\/users\/1\/"}],"replies":[{"embeddable":true,"href":"https:\/\/newyorkinasoriginals.com\/es\/wp-json\/wp\/v2\/comments\/?post=1427"}],"version-history":[{"count":24,"href":"https:\/\/newyorkinasoriginals.com\/es\/wp-json\/wp\/v2\/pages\/1427\/revisions\/"}],"predecessor-version":[{"id":2898,"href":"https:\/\/newyorkinasoriginals.com\/es\/wp-json\/wp\/v2\/pages\/1427\/revisions\/2898\/"}],"wp:attachment":[{"href":"https:\/\/newyorkinasoriginals.com\/es\/wp-json\/wp\/v2\/media\/?parent=1427"}],"curies":[{"name":"wp","href":"https:\/\/api.w.org\/{rel}","templated":true}]}}